{"id":3,"date":"2019-12-11T20:17:22","date_gmt":"2019-12-11T20:17:22","guid":{"rendered":"http:\/\/www.ellaberintodigital.es\/?page_id=3"},"modified":"2021-06-07T15:40:13","modified_gmt":"2021-06-07T15:40:13","slug":"politica-privacidad","status":"publish","type":"page","link":"https:\/\/www.ramirez-derma.com\/en\/politica-privacidad\/","title":{"rendered":"Pol\u00edtica de privacidad"},"content":{"rendered":"<div class=\"fusion-fullwidth fullwidth-box fusion-builder-row-2 nonhundred-percent-fullwidth non-hundred-percent-height-scrolling\" style=\"--awb-border-radius-top-left:0px;--awb-border-radius-top-right:0px;--awb-border-radius-bottom-right:0px;--awb-border-radius-bottom-left:0px;--awb-flex-wrap:wrap;\" ><div class=\"fusion-builder-row fusion-row\"><div class=\"fusion-layout-column fusion_builder_column fusion-builder-column-1 fusion_builder_column_1_1 1_1 fusion-one-full fusion-column-first fusion-column-last\" style=\"--awb-bg-size:cover;--awb-margin-bottom:0px;\"><div class=\"fusion-column-wrapper fusion-flex-column-wrapper-legacy\"><div class=\"fusion-text fusion-text-2\"><p>POL\u00cdTICA DE PRIVACIDAD<strong>\u00a0<\/strong><\/p>\n<p><strong>INFORMACI\u00d3N B\u00c1SICA DE PROTECCI\u00d3N DE DATOS<\/strong><strong>\u00a0<\/strong><\/p>\n<table>\n<tbody>\n<tr>\n<td width=\"142\">\n<p><strong>Responsable <\/strong><\/p>\n<\/td>\n<td width=\"387\">\n<p>GUILLERMO RAMIREZ FERNANDEZ\u00a0 + info<\/p>\n<\/td>\n<\/tr>\n<tr>\n<td width=\"142\">\n<p><strong>Finalidad<\/strong><\/p>\n<\/td>\n<td width=\"387\">\n<p>Atender las solicitudes realizadas a trav\u00e9s de la web, gestionar el env\u00edo de informaci\u00f3n.+ info<\/p>\n<\/td>\n<\/tr>\n<tr>\n<td width=\"142\">\n<p><strong>Legitimaci\u00f3n<\/strong><\/p>\n<\/td>\n<td width=\"387\">\n<p>Consentimiento del interesado y ejecuci\u00f3n de un precontrato\/ contrato + info<\/p>\n<\/td>\n<\/tr>\n<tr>\n<td width=\"142\">\n<p><strong>Destinatarios<\/strong><\/p>\n<\/td>\n<td width=\"387\">\n<p>No se ceder\u00e1n datos a terceros salvo obligaci\u00f3n legal o en el supuesto que sea necesario para atender su solicitud + info<\/p>\n<\/td>\n<\/tr>\n<tr>\n<td width=\"142\">\n<p><strong>Derechos<\/strong><\/p>\n<\/td>\n<td width=\"387\">\n<p>Podr\u00e1 ejercer los derechos de acceso, rectificaci\u00f3n, supresi\u00f3n y oposici\u00f3n, limitaci\u00f3n del tratamiento, portabilidad de datos y a no ser objeto de decisiones individualizadas automatizadas.\u00a0 + info<\/p>\n<\/td>\n<\/tr>\n<tr>\n<td width=\"142\">\n<p><strong>Informaci\u00f3n adicional<\/strong><\/p>\n<\/td>\n<td width=\"387\">\n<p>Puede consultar la informaci\u00f3n adicional sobre protecci\u00f3n de Datos en nuestra web. + info<\/p>\n<\/td>\n<\/tr>\n<\/tbody>\n<\/table>\n<p><strong>\u00a0<\/strong><\/p>\n<p>GUILLERMO RAMIREZ FERNANDEZ, en adelante, se compromete a cumplir la legislaci\u00f3n vigente en cada momento en materia de tratamiento de datos de car\u00e1cter personal. Mediante la siguiente pol\u00edtica de privacidad GUILLERMO RAMIREZ FERNANDEZ, de conformidad con los requisitos previstos en el RGPD informa a los usuarios de:<\/p>\n<h3 class=\"wp-block-heading\">1.\u00a0 \u00bfQUI\u00c9N ES EL RESPONSABLE DEL TRATAMIENTO DE SUS DATOS?<\/h3>\n<p>El responsable del tratamiento de sus datos es GUILLERMO RAMIREZ FERNANDEZ:<\/p>\n<table>\n<tbody>\n<tr>\n<td width=\"198\">\n<p><strong>Identidad <\/strong><\/p>\n<\/td>\n<td width=\"331\">\n<p>GUILLERMO RAMIREZ FERNANDEZ\u00a0<\/p>\n<\/td>\n<\/tr>\n<tr>\n<td width=\"198\">\n<p><strong>Web<\/strong><\/p>\n<\/td>\n<td width=\"331\">\n<p>ramirez-derma.com<\/p>\n<\/td>\n<\/tr>\n<tr>\n<td width=\"198\">\n<p><strong>Correo-e<\/strong><\/p>\n<\/td>\n<td width=\"331\">\n<p>agenda.ramirez@gmail.com<\/p>\n<\/td>\n<\/tr>\n<\/tbody>\n<\/table>\n<p><strong>\u00a0<\/strong><\/p>\n<p>GUILLERMO RAMIREZ FERNANDEZ informa al usuario que los datos que nos facilite a trav\u00e9s de la navegaci\u00f3n por nuestra web, el formulario de contacto o en el env\u00edo de correos electr\u00f3nicos, van a ser tratados por GUILLERMO RAMIREZ FERNANDEZ y que dicho tratamiento se encuentra recogido en el Registro de Actividades de tratamiento gestionado por GUILLERMO RAMIREZ FERNANDEZ conforme a lo establecido en el RGPD.<\/p>\n<h3>2.\u00a0 \u00bfPARA QU\u00c9 SE UTILIZAN SUS DATOS PERSONALES?<\/h3>\n<p>En ramirez-derma.com cuando el usuario acepta nuestra pol\u00edtica de privacidad nos autoriza a utilizar y tratar los datos personales suministrados para:<\/p>\n<ul>\n<li>Remitirle la informaci\u00f3n y prestarle el servicio que soliciten mediante los diversos formularios disponibles en nuestra web.<\/li>\n<li>Facilitarle informaci\u00f3n sobre las ofertas, productos y servicios solicitados.<\/li>\n<li>Ocasionalmente, GUILLERMO RAMIREZ FERNANDEZ podr\u00e1 utilizar sus datos de car\u00e1cter personal para enviarle notificaciones por medio de correo electr\u00f3nico. Dichas notificaciones se har\u00e1n para informar sobre las modificaciones en nuestros servicios o productos o en nuestras pol\u00edticas condiciones legales.<\/li>\n<\/ul>\n<p>ramirez-derma.com tambi\u00e9n recoge informaci\u00f3n de los usuarios de la web no facilitada directamente por ellos mediante cookies y dispositivos DARD. Los datos recogidos a trav\u00e9s de las cookies y otros dispositivos ser\u00e1n utilizados para estudios estad\u00edsticos y an\u00e1lisis de perfiles con la finalidad de prestar un mejor servicio a trav\u00e9s de nuestra web, para lo que se utilizar\u00e1 la aplicaci\u00f3n GOOGLE ANALYTICS, que es una herramienta de Google para ayudar a analizar a los propietarios de los sitios web el modo en que sus visitantes interact\u00faan con sus propiedades. Puede obtener m\u00e1s informaci\u00f3n de su pol\u00edtica de privacidad en <a href=\"https:\/\/www.google.es\/intl\/es_ALL\/analytics\/learn\/privacy.html\">https:\/\/www.google.es\/intl\/es_ALL\/analytics\/learn\/privacy.html<\/a><\/p>\n<p>Google, incluidas todas sus herramientas, cumplen con el marco EU-US Privacy Shield Framework, de conformidad con lo establecido por el Departamento de Comercio de los Estados Unidos en lo que respecta a la recogida, utilizaci\u00f3n y conservaci\u00f3n de la informaci\u00f3n personal de pa\u00edses miembros de la Uni\u00f3n Europea.<\/p>\n<p>ramirez-derma.com procurar\u00e1 en todo momento establecer mecanismos adecuados para obtener el consentimiento del Usuario para la instalaci\u00f3n de cookies que lo requieran. Cuando un usuario accede a nuestra web aparece un pop-up en el que se informa de la existencia de cookies y de que si contin\u00faa navegando por nuestra p\u00e1gina presta su consentimiento para la instalaci\u00f3n de cookies. La aceptaci\u00f3n de la instalaci\u00f3n de las cookies conlleva la aceptaci\u00f3n de la conservaci\u00f3n de la direcci\u00f3n IP en los registros de ramirez-derma.com, junto con la fecha de aceptaci\u00f3n, por el plazo de un a\u00f1o, con la finalidad de demostrar el consentimiento prestado.\u00a0 Puede obtener m\u00e1s informaci\u00f3n en nuestra \u201cPol\u00edtica de Cookies\u201d.<\/p>\n<h3>3.\u00a0 \u00bfCUAL ES LA LEGITIMACI\u00d3N PARA EL TRATAMIENTO DE SUS DATOS?<\/h3>\n<p>La legitimaci\u00f3n para el tratamiento de sus datos por parte de GUILLERMO RAMIREZ FERNANDEZ se basa en:<\/p>\n<ul>\n<li>En la <strong>ejecuci\u00f3n de un precontrato\/contrato<\/strong> para remitirle la informaci\u00f3n y prestarle el servicio solicitado, no siendo posible su realizaci\u00f3n en caso contrario.<\/li>\n<\/ul>\n<h3>4.\u00a0 \u00bfPOR CU\u00c1NTO TIEMPO CONSERVAMOS SUS DATOS?<\/h3>\n<p>Los datos para remitirle la informaci\u00f3n o prestarle el servicio que soliciten mediante los diversos formularios disponibles en nuestra web, ser\u00e1n conservados durante el tiempo que la relaci\u00f3n contractual se encuentre vigente, y una vez finalizada durante el plazo de prescripci\u00f3n legales.<\/p>\n<p>La direcci\u00f3n IP obtenida a trav\u00e9s de las cookies tendr\u00e1 un plazo de conservaci\u00f3n de un a\u00f1o, con la finalidad de demostrar el consentimiento del usuario.<\/p>\n<p>En cuanto al plazo de conservaci\u00f3n de las cookies, puede obtener m\u00e1s informaci\u00f3n en nuestra web en el apartado \u201cPol\u00edtica de cookies\u201d<\/p>\n<h3>5.\u00a0 \u00bfQU\u00c9 TIPO DE DATOS TRATAMOS DE NUESTROS USUARIOS?<\/h3>\n<p>GUILLERMO RAMIREZ FERNANDEZ trata las siguientes categor\u00edas de datos:<\/p>\n<ol>\n<li><strong>Datos de los usuarios que rellenan cualquiera de los formularios disponibles: <\/strong>Los datos personales que GUILLERMO RAMIREZ FERNANDEZ solicita incluyen:<\/li>\n<\/ol>\n<ul>\n<li><strong>Datos identificativos: <\/strong>nombre y apellidos, tel\u00e9fono, direcci\u00f3n postal y electr\u00f3nica<\/li>\n<li><strong>Datos relativos a la solicitud<\/strong><\/li>\n<\/ul>\n<ol>\n<li><strong>Datos de los usuarios que navegan por nuestra web: Datos proporcionados por las cookies y por Google Analytics.<\/strong><\/li>\n<\/ol>\n<p><strong>S\u00f3lo los mayores de 16 a\u00f1os<\/strong> pueden facilitar datos a trav\u00e9s de nuestra web. Si eres menor de esta edad deber\u00e1s contar con el consentimiento de tus padres o tutores legales.<\/p>\n<p>El Usuario garantiza la autenticidad y actualidad de todos aquellos datos que comunique a GUILLERMO RAMIREZ FERNANDEZ y declara que es mayor de 16 a\u00f1os, y ser\u00e1 el \u00fanico responsable de las manifestaciones falsas o inexactas que realice.<\/p>\n<p>Los datos de car\u00e1cter personal tratados por GUILLERMO RAMIREZ FERNANDEZ pueden ser obligatorios o voluntarios.<\/p>\n<p>La informaci\u00f3n voluntaria es aquella que el usuario no est\u00e1 obligado a facilitar para contactar con nosotros.<\/p>\n<p>Los campos marcados con un asterisco (*) o con la palabra (requerido) en nuestros formularios son de cumplimentaci\u00f3n obligatoria, la negativa a suministrarlos supondr\u00e1 la imposibilidad de prestarle el servicio o atender su solicitud.<\/p>\n<p>En el caso que nos facilites datos de terceros, manifiestas contar con el consentimiento de los mismos y te comprometes a trasladarle la informaci\u00f3n que te facilitamos en esta cl\u00e1usula, eximiendo a GUILLERMO RAMIREZ FERNANDEZ de cualquier tipo de obligaci\u00f3n. No obstante GUILLERMO RAMIREZ FERNANDEZ podr\u00e1 llevar a cabo verificaciones para constatar que el tercero ha sido informado adoptando las medidas de diligencia establecidas en la normativa de protecci\u00f3n de datos.<\/p>\n<h3>6.\u00a0 \u00bfA QU\u00c9 DESTINATARIOS SE COMUNICAR\u00c1N SUS DATOS?<\/h3>\n<p>No se ceder\u00e1n datos a terceros salvo obligaci\u00f3n legal o en el supuesto que sea necesario para atender su solicitud.<\/p>\n<h3>7.\u00a0 \u00bfQU\u00c9 DERECHOS LE ASISTEN Y C\u00d3MO PUEDE EJERCITARLOS?<\/h3>\n<p>El usuario puede ejercer los siguiente derechos ante GUILLERMO RAMIREZ FERNANDEZ:<\/p>\n<ol>\n<li>Acceder a sus datos personales<\/li>\n<li>Rectificarlos cuando son inexactos o incompletos<\/li>\n<li>Solicitar la supresi\u00f3n o cancelaci\u00f3n de los datos cuando, entre otros motivos hayan dejado de ser necesarios para los fines para los que fueron recogidos<\/li>\n<li>Oponerse a su tratamiento<\/li>\n<li>Pedir la limitaci\u00f3n del tratamiento de sus datos cuando se den alguna de las condiciones previstas en la normativa<\/li>\n<li>Solicitar la portabilidad de sus datos en los casos previstos en la normativa<\/li>\n<li>Impedir ser objeto de decisiones automatizadas<\/li>\n<li>Revocar los consentimientos otorgados<\/li>\n<\/ol>\n<p>El usuario para ejercer sus derechos, deber\u00e1 enviar un escrito en el que indique el derecho que desea ejercitar y acompa\u00f1ar documento acreditativo de su identidad y direcci\u00f3n postal o electr\u00f3nica a efectos de notificaci\u00f3n. Esta solicitud puede realizarla en la siguiente direcci\u00f3n de correo-e: agenda.ramirez@gmail.com.<\/p>\n<p>GUILLERMO RAMIREZ FERNANDEZ deber\u00e1 contestar la solicitud del ejercicio de derechos en el <strong>plazo de un mes<\/strong> a partir de la recepci\u00f3n de la solicitud. Dicho plazo podr\u00e1 prorrogarse otros dos meses en caso necesario, teniendo en cuenta la complejidad y el n\u00famero de solicitudes.\u00a0 Le informaremos de cualquier pr\u00f3rroga en el plazo de un mes a partir de la recepci\u00f3n de la solicitud indicando los motivos de la dilaci\u00f3n.<\/p>\n<p>Asimismo, los interesados tienen derecho a reclamar ante la Autoridad de Control competente (Agencia Espa\u00f1ola de Protecci\u00f3n de Datos) cuando consideren que GUILLERMO RAMIREZ FERNANDEZ ha vulnerado los derechos que la normativa de protecci\u00f3n de datos les reconoce en <a href=\"http:\/\/www.aepd.es\">www.aepd.es<\/a><strong>\u00a0<\/strong><\/p>\n<h3>8.\u00a0 \u00bfEST\u00c1N SEGUROS MIS DATOS?<\/h3>\n<p>GUILLERMO RAMIREZ FERNANDEZ tiene vigente un contrato con la empresa de Hosting IONOS.ES para el alojamiento de su p\u00e1gina web. Es una empresa europea y dispone de los \u00faltimos sistemas en medidas de seguridad.<\/p>\n<p>GUILLERMO RAMIREZ FERNANDEZ garantiza la adopci\u00f3n de las medidas oportunas para asegurar el tratamiento confidencial de sus datos habida cuenta del car\u00e1cter reservado de los mismos.<\/p>\n<p>GUILLERMO RAMIREZ FERNANDEZ se compromete a que dichos datos permanezcan secretos, trat\u00e1ndolos con la m\u00e1xima reserva, y declara tener implantadas en su sistema de informaci\u00f3n, las pol\u00edticas de seguridad correspondientes al tipo de datos manejados conforme a lo dispuesto en el\u00a0 REGLAMENTO (UE) 2016\/679 DEL PARLAMENTO EUROPEO Y DEL CONSEJO de 27 de abril de 2016 relativo a la protecci\u00f3n de las personas f\u00edsicas en lo que respecta al tratamiento de datos personales y a la libre circulaci\u00f3n de estos datos (RGPD).<\/p>\n<h3>9.\u00a0 ENLACES A OTROS SITIOS WEB<\/h3>\n<p>Si opta por abandonar nuestro sitio Web a trav\u00e9s de enlaces a otros sitios Web no pertenecientes a nuestra entidad, GUILLERMO RAMIREZ FERNANDEZ no se har\u00e1 responsable de las pol\u00edticas de privacidad de dichos sitios Web ni de las cookies que estos puedan almacenar en el ordenador del usuario.<\/p>\n<p>&nbsp;<\/p>\n<\/div><div class=\"fusion-clearfix\"><\/div><\/div><\/div><\/div><\/div>","protected":false},"excerpt":{"rendered":"","protected":false},"author":1,"featured_media":0,"parent":0,"menu_order":0,"comment_status":"closed","ping_status":"open","template":"","meta":{"_monsterinsights_skip_tracking":false,"_monsterinsights_sitenote_active":false,"_monsterinsights_sitenote_note":"","_monsterinsights_sitenote_category":0,"footnotes":""},"class_list":["post-3","page","type-page","status-publish","hentry"],"yoast_head":"<!-- This site is optimized with the Yoast SEO plugin v26.1.1 - https:\/\/yoast.com\/wordpress\/plugins\/seo\/ -->\n<title>Pol\u00edtica de privacidad - Ram\u00edrez Dermat\u00f3logos<\/title>\n<meta name=\"robots\" content=\"index, follow, max-snippet:-1, max-image-preview:large, max-video-preview:-1\" \/>\n<link rel=\"canonical\" href=\"https:\/\/www.ramirez-derma.com\/politica-privacidad\/\" \/>\n<meta property=\"og:locale\" content=\"en_US\" \/>\n<meta property=\"og:type\" content=\"article\" \/>\n<meta property=\"og:title\" content=\"Pol\u00edtica de privacidad - Ram\u00edrez Dermat\u00f3logos\" \/>\n<meta property=\"og:url\" content=\"https:\/\/www.ramirez-derma.com\/politica-privacidad\/\" \/>\n<meta property=\"og:site_name\" content=\"Ram\u00edrez Dermat\u00f3logos\" \/>\n<meta property=\"article:modified_time\" content=\"2021-06-07T15:40:13+00:00\" \/>\n<meta name=\"twitter:card\" content=\"summary_large_image\" \/>\n<meta name=\"twitter:label1\" content=\"Est. reading time\" \/>\n\t<meta name=\"twitter:data1\" content=\"7 minutes\" \/>\n<script type=\"application\/ld+json\" class=\"yoast-schema-graph\">{\"@context\":\"https:\/\/schema.org\",\"@graph\":[{\"@type\":\"WebPage\",\"@id\":\"https:\/\/www.ramirez-derma.com\/politica-privacidad\/\",\"url\":\"https:\/\/www.ramirez-derma.com\/politica-privacidad\/\",\"name\":\"Pol\u00edtica de privacidad - Ram\u00edrez Dermat\u00f3logos\",\"isPartOf\":{\"@id\":\"https:\/\/www.ramirez-derma.com\/#website\"},\"datePublished\":\"2019-12-11T20:17:22+00:00\",\"dateModified\":\"2021-06-07T15:40:13+00:00\",\"breadcrumb\":{\"@id\":\"https:\/\/www.ramirez-derma.com\/politica-privacidad\/#breadcrumb\"},\"inLanguage\":\"en-US\",\"potentialAction\":[{\"@type\":\"ReadAction\",\"target\":[\"https:\/\/www.ramirez-derma.com\/politica-privacidad\/\"]}]},{\"@type\":\"BreadcrumbList\",\"@id\":\"https:\/\/www.ramirez-derma.com\/politica-privacidad\/#breadcrumb\",\"itemListElement\":[{\"@type\":\"ListItem\",\"position\":1,\"name\":\"Portada\",\"item\":\"https:\/\/www.ramirez-derma.com\/\"},{\"@type\":\"ListItem\",\"position\":2,\"name\":\"Pol\u00edtica de privacidad\"}]},{\"@type\":\"WebSite\",\"@id\":\"https:\/\/www.ramirez-derma.com\/#website\",\"url\":\"https:\/\/www.ramirez-derma.com\/\",\"name\":\"Ram\u00edrez Dermat\u00f3logos\",\"description\":\"(Espa\u00f1ol) Dermat\u00f3logo Tenerife Sur. Cita previa inmediata.\",\"potentialAction\":[{\"@type\":\"SearchAction\",\"target\":{\"@type\":\"EntryPoint\",\"urlTemplate\":\"https:\/\/www.ramirez-derma.com\/?s={search_term_string}\"},\"query-input\":{\"@type\":\"PropertyValueSpecification\",\"valueRequired\":true,\"valueName\":\"search_term_string\"}}],\"inLanguage\":\"en-US\"}]}<\/script>\n<!-- \/ Yoast SEO plugin. -->","yoast_head_json":{"title":"Pol\u00edtica de privacidad - Ram\u00edrez Dermat\u00f3logos","robots":{"index":"index","follow":"follow","max-snippet":"max-snippet:-1","max-image-preview":"max-image-preview:large","max-video-preview":"max-video-preview:-1"},"canonical":"https:\/\/www.ramirez-derma.com\/politica-privacidad\/","og_locale":"en_US","og_type":"article","og_title":"Pol\u00edtica de privacidad - Ram\u00edrez Dermat\u00f3logos","og_url":"https:\/\/www.ramirez-derma.com\/politica-privacidad\/","og_site_name":"Ram\u00edrez Dermat\u00f3logos","article_modified_time":"2021-06-07T15:40:13+00:00","twitter_card":"summary_large_image","twitter_misc":{"Est. reading time":"7 minutes"},"schema":{"@context":"https:\/\/schema.org","@graph":[{"@type":"WebPage","@id":"https:\/\/www.ramirez-derma.com\/politica-privacidad\/","url":"https:\/\/www.ramirez-derma.com\/politica-privacidad\/","name":"Pol\u00edtica de privacidad - Ram\u00edrez Dermat\u00f3logos","isPartOf":{"@id":"https:\/\/www.ramirez-derma.com\/#website"},"datePublished":"2019-12-11T20:17:22+00:00","dateModified":"2021-06-07T15:40:13+00:00","breadcrumb":{"@id":"https:\/\/www.ramirez-derma.com\/politica-privacidad\/#breadcrumb"},"inLanguage":"en-US","potentialAction":[{"@type":"ReadAction","target":["https:\/\/www.ramirez-derma.com\/politica-privacidad\/"]}]},{"@type":"BreadcrumbList","@id":"https:\/\/www.ramirez-derma.com\/politica-privacidad\/#breadcrumb","itemListElement":[{"@type":"ListItem","position":1,"name":"Portada","item":"https:\/\/www.ramirez-derma.com\/"},{"@type":"ListItem","position":2,"name":"Pol\u00edtica de privacidad"}]},{"@type":"WebSite","@id":"https:\/\/www.ramirez-derma.com\/#website","url":"https:\/\/www.ramirez-derma.com\/","name":"Ram\u00edrez Dermat\u00f3logos","description":"(Espa\u00f1ol) Dermat\u00f3logo Tenerife Sur. Cita previa inmediata.","potentialAction":[{"@type":"SearchAction","target":{"@type":"EntryPoint","urlTemplate":"https:\/\/www.ramirez-derma.com\/?s={search_term_string}"},"query-input":{"@type":"PropertyValueSpecification","valueRequired":true,"valueName":"search_term_string"}}],"inLanguage":"en-US"}]}},"_links":{"self":[{"href":"https:\/\/www.ramirez-derma.com\/en\/wp-json\/wp\/v2\/pages\/3","targetHints":{"allow":["GET"]}}],"collection":[{"href":"https:\/\/www.ramirez-derma.com\/en\/wp-json\/wp\/v2\/pages"}],"about":[{"href":"https:\/\/www.ramirez-derma.com\/en\/wp-json\/wp\/v2\/types\/page"}],"author":[{"embeddable":true,"href":"https:\/\/www.ramirez-derma.com\/en\/wp-json\/wp\/v2\/users\/1"}],"replies":[{"embeddable":true,"href":"https:\/\/www.ramirez-derma.com\/en\/wp-json\/wp\/v2\/comments?post=3"}],"version-history":[{"count":10,"href":"https:\/\/www.ramirez-derma.com\/en\/wp-json\/wp\/v2\/pages\/3\/revisions"}],"predecessor-version":[{"id":1711,"href":"https:\/\/www.ramirez-derma.com\/en\/wp-json\/wp\/v2\/pages\/3\/revisions\/1711"}],"wp:attachment":[{"href":"https:\/\/www.ramirez-derma.com\/en\/wp-json\/wp\/v2\/media?parent=3"}],"curies":[{"name":"wp","href":"https:\/\/api.w.org\/{rel}","templated":true}]}}